{"id":7775,"date":"2025-03-16T17:14:46","date_gmt":"2025-03-16T16:14:46","guid":{"rendered":"https:\/\/www.amstetten-falcons.at\/cms\/?page_id=7775"},"modified":"2025-03-16T17:36:16","modified_gmt":"2025-03-16T16:36:16","slug":"code-of-conduct","status":"publish","type":"page","link":"https:\/\/www.amstetten-falcons.at\/cms\/code-of-conduct\/","title":{"rendered":"Code of Conduct"},"content":{"rendered":"<p><strong>Code of Conduct &#8211; Verhaltensregeln der Falcons Familie<\/strong><\/p>\n<p>Wie in jedem Verein spielen Verhaltensregeln eine wichtige Rolle f\u00fcr den Umgang miteinander.<\/p>\n<p>Hier ein paar Punkte, die wir von allen am Vereinsleben beteiligten Personen erwarten und voraussetzen, dabei hat die Sortierung keinen Einfluss auf die Wichtigkeit:<\/p>\n<ol>\n<li><strong>Respekt gegen\u00fcber Mitspielern und Gegnern<\/strong>: Behandle alle Spieler mit Respekt, unabh\u00e4ngig vom Ergebnis des Spiels.<\/li>\n<li><strong>Fair Play<\/strong>: Spiele ehrlich und halte dich an die Regeln des Spiels.<\/li>\n<li><strong>Fehler zuerst bei sich selbst suchen<\/strong>: Analysiere deine eigenen Fehler, bevor du andere kritisierst.<\/li>\n<li><strong>Teamgeist f\u00f6rdern<\/strong>: Unterst\u00fctze und motiviere deine Teamkollegen.<\/li>\n<li><strong>Nach dem Spiel Sponsoren und Publikum gr\u00fc\u00dfen<\/strong>: Bedanke dich beim Publikum und bei den Sponsoren f\u00fcr ihre Unterst\u00fctzung &#8211; ohne sie g\u00e4be es kein leistbares Basketball.<\/li>\n<li><strong>Schiedsrichterentscheidungen akzeptieren<\/strong>: Respektiere die Entscheidungen der Schiedsrichter, auch wenn du anderer Meinung bist.<\/li>\n<li><strong>P\u00fcnktlichkeit<\/strong>: Sei rechtzeitig (mind. 5 Minuten vor Treffpunkt) da zu Trainingseinheiten und Spielen.<\/li>\n<li><strong>Sauberkeit und Ordnung<\/strong>: Halte die Umkleidekabinen und Spielfelder sauber. Halte deine <strong>Spielkleidung sauber<\/strong> und bereit, um sie im Notfall jederzeit an deine Teamkollegen weitergeben zu k\u00f6nnen.<\/li>\n<li><strong>Verantwortung \u00fcbernehmen<\/strong>: \u00dcbernimm Verantwortung f\u00fcr dein Handeln auf und neben dem Spielfeld.<\/li>\n<li><strong>Sportlichkeit zeigen<\/strong>: Zeige immer sportliches Verhalten, sowohl im Sieg als auch in der Niederlage.<\/li>\n<li><strong>ungefragt mithelfen:<\/strong> Ohne deine Mithilfe oder die deiner Familie sind gerade Heimspiele nicht machbar. Ob am Buffet, an den Trommeln, am Schreibertisch oder bei der Sponsorenbetreuung, alle Positionen sind wichtig und helfen uns dabei, Basketball leistbar zu halten.<\/li>\n<li><strong>Social Media, Fotografie, Vorstandst\u00e4tigkeit, Trainertum<\/strong>, die M\u00f6glichkeiten dich einzubringen sind vielf\u00e4ltig, hilf ohne gro\u00dfe Aufforderung mit und trage zum Erfolg der Falcons-Familie bei!<\/li>\n<li><strong>Sei resilient:<\/strong> Dein Trainer oder deine Trainerin meinen keine ihrer kurzen und knackigen Anweisungen pers\u00f6nlich, in der Hitze des Gefechts geht es schon mal &#8222;h\u00e4rter&#8220; her. Dies ist nicht b\u00f6se gemeint, ein Wettkampf lebt aber von einer effizienten Kommunikation.<\/li>\n<li><strong>K\u00f6rpersprache:<\/strong> Auch deine K\u00f6rpersprache hat Einfluss auf das Mannschaftsgef\u00fcge, zeige dich von deiner besten Seite. Wenn das nicht funktioniert, sei nicht b\u00f6se wenn du diese Zeit der Selbstfindung auf der Bank und nicht am Spielfeld verbringst.<\/li>\n<li><strong>Keine Gewalt am Spielfeld:<\/strong> K\u00f6rperliche Gewalt hat keinen Platz im Sport und im Zusammenleben. Halte dich daran!<\/li>\n<li><strong>Diskriminiere nicht:<\/strong> die Falcons stehen f\u00fcr die Religionsfreiheit und \u00dcberparteilichkeit, diese Dinge sind privat und z\u00e4hlen nicht im Umgang mit den anderen Vereinsmitgliedern und dir selbst in diesem Umfeld. Dies gilt ebenso f\u00fcr die Hautfarbe, die Herkunft, die sexuelle Orientierung uvm. . Genaueres findest du im folgenden Punkt.<\/li>\n<li><strong>W\u00fcrdigung der Menschenrechte:<\/strong> Als Mitglied der Falcons achtest du die Charta der Menschenrechte, diese ist hier gut beschrieben: <a href=\"https:\/\/unric.org\/de\/allgemeine-erklaerung-menschenrechte\/\">Allgemeine Erkl\u00e4rung der Menschenrechte &#8211; Vereinte Nationen &#8211; Regionales Informationszentrum f\u00fcr Westeuropa<\/a><\/li>\n<\/ol>\n<p>Sollte es zu Verst\u00f6\u00dfen kommen, so suchen wir das Gespr\u00e4ch mit dir. Bei wiederholter Missachtung m\u00fcssen wir dich leider vom Vereinsleben ausschlie\u00dfen.<\/p>\n","protected":false},"excerpt":{"rendered":"<p>Code of Conduct &#8211; Verhaltensregeln der Falcons Familie Wie in jedem Verein spielen Verhaltensregeln eine wichtige Rolle f\u00fcr den Umgang miteinander. Hier ein paar Punkte, die wir von allen am Vereinsleben beteiligten Personen erwarten und voraussetzen, dabei hat die Sortierung keinen Einfluss auf die Wichtigkeit: Respekt gegen\u00fcber Mitspielern und Gegnern: Behandle alle Spieler mit Respekt, [&hellip;]<\/p>\n","protected":false},"author":7,"featured_media":0,"parent":0,"menu_order":0,"comment_status":"closed","ping_status":"closed","template":"","meta":{"om_disable_all_campaigns":false,"_monsterinsights_skip_tracking":false,"_monsterinsights_sitenote_active":false,"_monsterinsights_sitenote_note":"","_monsterinsights_sitenote_category":0,"ngg_post_thumbnail":0,"footnotes":""},"class_list":["post-7775","page","type-page","status-publish","hentry"],"aioseo_notices":[],"_links":{"self":[{"href":"https:\/\/www.amstetten-falcons.at\/cms\/wp-json\/wp\/v2\/pages\/7775","targetHints":{"allow":["GET"]}}],"collection":[{"href":"https:\/\/www.amstetten-falcons.at\/cms\/wp-json\/wp\/v2\/pages"}],"about":[{"href":"https:\/\/www.amstetten-falcons.at\/cms\/wp-json\/wp\/v2\/types\/page"}],"author":[{"embeddable":true,"href":"https:\/\/www.amstetten-falcons.at\/cms\/wp-json\/wp\/v2\/users\/7"}],"replies":[{"embeddable":true,"href":"https:\/\/www.amstetten-falcons.at\/cms\/wp-json\/wp\/v2\/comments?post=7775"}],"version-history":[{"count":8,"href":"https:\/\/www.amstetten-falcons.at\/cms\/wp-json\/wp\/v2\/pages\/7775\/revisions"}],"predecessor-version":[{"id":7783,"href":"https:\/\/www.amstetten-falcons.at\/cms\/wp-json\/wp\/v2\/pages\/7775\/revisions\/7783"}],"wp:attachment":[{"href":"https:\/\/www.amstetten-falcons.at\/cms\/wp-json\/wp\/v2\/media?parent=7775"}],"curies":[{"name":"wp","href":"https:\/\/api.w.org\/{rel}","templated":true}]}}