{"id":7711,"date":"2025-01-30T14:24:38","date_gmt":"2025-01-30T13:24:38","guid":{"rendered":"https:\/\/www.amstetten-falcons.at\/cms\/?page_id=7711"},"modified":"2026-03-11T09:05:28","modified_gmt":"2026-03-11T08:05:28","slug":"volksschulcup","status":"publish","type":"page","link":"https:\/\/www.amstetten-falcons.at\/cms\/volksschulcup\/","title":{"rendered":"Volksschulcup"},"content":{"rendered":"<h3>&nbsp;<\/h3>\n<h3 style=\"text-align: center;\">Das war der<strong><span style=\"color: #1b446e;\"><a href=\"https:\/\/www.vbnoe.at\/\" target=\"_blank\" rel=\"noopener\"> Volksbank Nieder\u00f6sterreich AG<\/a><br \/>\nVolksschulcup 2026 <\/span><\/strong>in der <strong>Johann-P\u00f6lz-Halle<\/strong>.<\/h3>\n<p style=\"text-align: center;\">Wir sagen <strong>DANKE<\/strong> an die Volksbank N\u00d6\/Amstetten f\u00fcr die Kooperation sowie an die Stadtgemeinde Amstetten und die Fa. Hinterberger und Haubis sowie an alle Helfer und insbesondere die Eltern!! Go Falcons!<\/p>\n<p>&nbsp;<\/p>\n<p style=\"text-align: center;\"><a href=\"https:\/\/www.youtube.com\/watch?v=E6VM6YKiymI&amp;t=5s\"><iframe loading=\"lazy\"  id=\"_ytid_75960\"  width=\"653\" height=\"367\"  data-origwidth=\"653\" data-origheight=\"367\"  data-relstop=\"1\" src=\"https:\/\/www.youtube.com\/embed\/E6VM6YKiymI?enablejsapi=1&autoplay=0&cc_load_policy=0&cc_lang_pref=&iv_load_policy=1&loop=0&rel=0&fs=1&playsinline=0&autohide=2&theme=dark&color=red&controls=1&\" class=\"__youtube_prefs__  no-lazyload\" title=\"YouTube player\"  allow=\"fullscreen; accelerometer; autoplay; clipboard-write; encrypted-media; gyroscope; picture-in-picture\" allowfullscreen data-no-lazy=\"1\" data-skipgform_ajax_framebjll=\"\"><\/iframe><\/a><\/p>\n<hr style=\"width: 60%; margin: 2em auto; border: none; border-top: 1px solid #1b446e;\">\n<p style=\"text-align: center;\"><span style=\"color: #1b446e; font-size: 140%;\"><strong>\u21d2 Basketball in Ihrer Volksschule? \u21d0<br \/>\n&nbsp;<br \/>\n<\/strong><\/span><\/p>\n<p style=\"text-align: center;\">F\u00fcr <strong><span style=\"color: #1b446e;\">Anfragen zu Trainings- und Schnuppereinheiten<\/span><\/strong> im Rahmen des Turnunterricht oder andere Informationen kontaktieren Sie<br \/>\n<strong>&nbsp;Jasmin Marevac unter 0660 310 12 45<\/strong>!<\/p>\n<p style=\"text-align: center;\">Wir freuen uns auf euch!<\/p>\n<p style=\"text-align: center;\"><a href=\"https:\/\/www.amstetten-falcons.at\/cms\/wp-content\/uploads\/2026\/01\/Volksbank.jpg\"><img loading=\"lazy\" decoding=\"async\" class=\"alignnone size-full wp-image-8252\" src=\"https:\/\/www.amstetten-falcons.at\/cms\/wp-content\/uploads\/2026\/01\/Volksbank.jpg\" alt=\"\" width=\"1414\" height=\"2000\" srcset=\"https:\/\/www.amstetten-falcons.at\/cms\/wp-content\/uploads\/2026\/01\/Volksbank.jpg 1414w, https:\/\/www.amstetten-falcons.at\/cms\/wp-content\/uploads\/2026\/01\/Volksbank-212x300.jpg 212w, https:\/\/www.amstetten-falcons.at\/cms\/wp-content\/uploads\/2026\/01\/Volksbank-724x1024.jpg 724w, https:\/\/www.amstetten-falcons.at\/cms\/wp-content\/uploads\/2026\/01\/Volksbank-768x1086.jpg 768w, https:\/\/www.amstetten-falcons.at\/cms\/wp-content\/uploads\/2026\/01\/Volksbank-1086x1536.jpg 1086w, https:\/\/www.amstetten-falcons.at\/cms\/wp-content\/uploads\/2026\/01\/Volksbank-90x128.jpg 90w, https:\/\/www.amstetten-falcons.at\/cms\/wp-content\/uploads\/2026\/01\/Volksbank-23x32.jpg 23w\" sizes=\"auto, (max-width: 1414px) 100vw, 1414px\" \/><\/a><\/p>\n<p>&nbsp;<\/p>\n","protected":false},"excerpt":{"rendered":"<p>&nbsp; Das war der Volksbank Nieder\u00f6sterreich AG Volksschulcup 2026 in der Johann-P\u00f6lz-Halle. Wir sagen DANKE an die Volksbank N\u00d6\/Amstetten f\u00fcr die Kooperation sowie an die Stadtgemeinde Amstetten und die Fa. Hinterberger und Haubis sowie an alle Helfer und insbesondere die Eltern!! Go Falcons! &nbsp; \u21d2 Basketball in Ihrer Volksschule? \u21d0 &nbsp; F\u00fcr Anfragen zu Trainings- [&hellip;]<\/p>\n","protected":false},"author":7,"featured_media":0,"parent":0,"menu_order":0,"comment_status":"closed","ping_status":"closed","template":"","meta":{"om_disable_all_campaigns":false,"_monsterinsights_skip_tracking":false,"_monsterinsights_sitenote_active":false,"_monsterinsights_sitenote_note":"","_monsterinsights_sitenote_category":0,"ngg_post_thumbnail":0,"footnotes":""},"class_list":["post-7711","page","type-page","status-publish","hentry"],"aioseo_notices":[],"_links":{"self":[{"href":"https:\/\/www.amstetten-falcons.at\/cms\/wp-json\/wp\/v2\/pages\/7711","targetHints":{"allow":["GET"]}}],"collection":[{"href":"https:\/\/www.amstetten-falcons.at\/cms\/wp-json\/wp\/v2\/pages"}],"about":[{"href":"https:\/\/www.amstetten-falcons.at\/cms\/wp-json\/wp\/v2\/types\/page"}],"author":[{"embeddable":true,"href":"https:\/\/www.amstetten-falcons.at\/cms\/wp-json\/wp\/v2\/users\/7"}],"replies":[{"embeddable":true,"href":"https:\/\/www.amstetten-falcons.at\/cms\/wp-json\/wp\/v2\/comments?post=7711"}],"version-history":[{"count":21,"href":"https:\/\/www.amstetten-falcons.at\/cms\/wp-json\/wp\/v2\/pages\/7711\/revisions"}],"predecessor-version":[{"id":8274,"href":"https:\/\/www.amstetten-falcons.at\/cms\/wp-json\/wp\/v2\/pages\/7711\/revisions\/8274"}],"wp:attachment":[{"href":"https:\/\/www.amstetten-falcons.at\/cms\/wp-json\/wp\/v2\/media?parent=7711"}],"curies":[{"name":"wp","href":"https:\/\/api.w.org\/{rel}","templated":true}]}}