{"id":236,"date":"2014-02-02T22:58:32","date_gmt":"2014-02-02T20:58:32","guid":{"rendered":"http:\/\/www.sposato.at\/wp2destroy\/?page_id=236"},"modified":"2025-09-01T19:47:27","modified_gmt":"2025-09-01T17:47:27","slug":"impressum","status":"publish","type":"page","link":"https:\/\/www.amstetten-falcons.at\/cms\/impressum\/","title":{"rendered":"Impressum"},"content":{"rendered":"<p><strong>Amstetten Falcons<\/strong><\/p>\n<p>Dampfs\u00e4gestra\u00dfe 17<br \/>\nA-3300 Amstetten<\/p>\n<p><strong>E-Mail:<\/strong> <a href=\"info@amstetten-falcons.at\">info@amstetten-falcons.at<\/a><\/p>\n<p><strong>Bankverbindung:<\/strong><br \/>\nVolksbank Nieder\u00f6sterreich<br \/>\nIBAN: AT58 4715 0442 0259 0004<br \/>\nBIC:&nbsp;VBOEATWWNOM<br \/>\nLautend auf: Sportunion Amstetten Falcons<\/p>\n<p><strong>Vertretungsberechtigter Vorstand: Mag. Harald Katzengruber<\/strong><br \/>\nZVR: 476302093<\/p>\n<p><strong>Inhaltlich Verantwortlicher gem\u00e4\u00df \u00a7 55 Abs. 2 RStV: Mag. Harald Katzengruber<\/strong><\/p>\n<p><strong>Erkl\u00e4rung gem. \u00a7 25 Abs. 4 MedG.:<\/strong> <a href=\"www.amstetten-falcons.at\">www.amstetten-falcons.at <\/a>ist der offizielle Internetauftritt der Sportunion Amstetten Falcons. Wir informieren hier aus Sicht der Falcons \u00fcber das Geschehen in und um die Sportunion Amstetten Falcons.<\/p>\n<p><strong>Hyperlinks:<\/strong> Mit einem Gerichtsurteil wurde entschieden, dass man durch die Ausbringung eines Links die Inhalte der gelinkten Seite ggf. mit zu verantworten hat. Dies kann nur dadurch verhindert werden, dass man sich ausdr\u00fccklich von diesen Inhalten distanziert. Wir haben auf verschiedenen Seiten dieser Domain Links zu anderen Seiten im Internet gelegt. F\u00fcr alle diese Links gilt: &#8222;Wir m\u00f6chten ausdr\u00fccklich betonen, dass wir keinerlei Einfluss auf die Gestaltung und die Inhalte der gelinkten Seiten haben. Deshalb distanzieren wir uns hiermit ausdr\u00fccklich von allen Inhalten aller gelinkten Seiten auf den Homepages unserer Domain und machen uns ihre Inhalte nicht zu eigen.&#8220;<\/p>\n<p><strong>Webdesign:<\/strong><\/p>\n<p><a href=\"http:\/\/www.sposato.at\" target=\"_blank\" rel=\"noopener\">sposato grafik &amp; design<\/a><\/p>\n<p><strong>Inhaltliche Betreuung:<\/strong><\/p>\n<p>Harald Katzengruber, Martin Stix, Jasmin Marevac, Thorsten Peham, Moritz Thoma<\/p>\n","protected":false},"excerpt":{"rendered":"<p>Amstetten Falcons Dampfs\u00e4gestra\u00dfe 17 A-3300 Amstetten E-Mail: info@amstetten-falcons.at Bankverbindung: Volksbank Nieder\u00f6sterreich IBAN: AT58 4715 0442 0259 0004 BIC:&nbsp;VBOEATWWNOM Lautend auf: Sportunion Amstetten Falcons Vertretungsberechtigter Vorstand: Mag. Harald Katzengruber ZVR: 476302093 Inhaltlich Verantwortlicher gem\u00e4\u00df \u00a7 55 Abs. 2 RStV: Mag. Harald Katzengruber Erkl\u00e4rung gem. \u00a7 25 Abs. 4 MedG.: www.amstetten-falcons.at ist der offizielle Internetauftritt der Sportunion [&hellip;]<\/p>\n","protected":false},"author":1,"featured_media":0,"parent":0,"menu_order":0,"comment_status":"closed","ping_status":"open","template":"","meta":{"om_disable_all_campaigns":false,"_monsterinsights_skip_tracking":false,"_monsterinsights_sitenote_active":false,"_monsterinsights_sitenote_note":"","_monsterinsights_sitenote_category":0,"ngg_post_thumbnail":0,"footnotes":""},"class_list":["post-236","page","type-page","status-publish","hentry"],"aioseo_notices":[],"_links":{"self":[{"href":"https:\/\/www.amstetten-falcons.at\/cms\/wp-json\/wp\/v2\/pages\/236","targetHints":{"allow":["GET"]}}],"collection":[{"href":"https:\/\/www.amstetten-falcons.at\/cms\/wp-json\/wp\/v2\/pages"}],"about":[{"href":"https:\/\/www.amstetten-falcons.at\/cms\/wp-json\/wp\/v2\/types\/page"}],"author":[{"embeddable":true,"href":"https:\/\/www.amstetten-falcons.at\/cms\/wp-json\/wp\/v2\/users\/1"}],"replies":[{"embeddable":true,"href":"https:\/\/www.amstetten-falcons.at\/cms\/wp-json\/wp\/v2\/comments?post=236"}],"version-history":[{"count":6,"href":"https:\/\/www.amstetten-falcons.at\/cms\/wp-json\/wp\/v2\/pages\/236\/revisions"}],"predecessor-version":[{"id":7898,"href":"https:\/\/www.amstetten-falcons.at\/cms\/wp-json\/wp\/v2\/pages\/236\/revisions\/7898"}],"wp:attachment":[{"href":"https:\/\/www.amstetten-falcons.at\/cms\/wp-json\/wp\/v2\/media?parent=236"}],"curies":[{"name":"wp","href":"https:\/\/api.w.org\/{rel}","templated":true}]}}